{"id":247,"date":"2016-06-23T08:44:24","date_gmt":"2016-06-23T08:44:24","guid":{"rendered":"https:\/\/www.ruth-wittig.ch\/fr\/?page_id=247"},"modified":"2025-02-12T13:06:11","modified_gmt":"2025-02-12T13:06:11","slug":"informations-pratiques","status":"publish","type":"page","link":"https:\/\/www.ruth-wittig.ch\/fr\/informations-pratiques\/","title":{"rendered":"Infos pratiques"},"content":{"rendered":"<p><\/p><div class=\"fusion-fullwidth fullwidth-box fusion-builder-row-1 nonhundred-percent-fullwidth non-hundred-percent-height-scrolling\" style=\"--awb-background-position:left top;--awb-border-radius-top-left:0px;--awb-border-radius-top-right:0px;--awb-border-radius-bottom-right:0px;--awb-border-radius-bottom-left:0px;--awb-padding-top:20px;--awb-padding-bottom:20px;--awb-border-sizes-top:0px;--awb-border-sizes-bottom:0px;--awb-flex-wrap:wrap;\"><div class=\"fusion-builder-row fusion-row\"><div class=\"fusion-layout-column fusion_builder_column fusion-builder-column-0 fusion_builder_column_3_5 3_5 fusion-three-fifth fusion-column-first\" style=\"--awb-padding-top:30px;--awb-padding-right:30px;--awb-padding-bottom:30px;--awb-padding-left:30px;--awb-bg-color:#ffffff;--awb-bg-color-hover:#ffffff;--awb-bg-size:cover;--awb-border-color:#efefef;--awb-border-top:1px;--awb-border-right:1px;--awb-border-bottom:1px;--awb-border-left:1px;--awb-border-style:solid;width:58.4%; margin-right: 4%;\"><div class=\"fusion-column-wrapper fusion-flex-column-wrapper-legacy\"><div class=\"fusion-text fusion-text-1\"><h2>Tarifs<\/h2>\n<p>Les s\u00e9ances de psy\u00adcho\u00adth\u00e9\u00adrapie indi\u00advi\u00addu\u00adelles co\u00fb\u00adtent <span class=\"caps\">CHF<\/span> 160 les 50 minutes. Les tarifs pour les super\u00advi\u00adsions indi\u00advi\u00addu\u00adelles ou les s\u00e9ances de d\u00e9ve\u00adlo\u00adp\u00adpe\u00adment per\u00adsonnel varient entre <span class=\"caps\">CHF<\/span> 160 et <span class=\"caps\">CHF<\/span>&nbsp;180.<\/p>\n<p>Les pre\u00adsta\u00adtions en groupe sont fac\u00adtu\u00adr\u00e9es selon la dur\u00e9e et le nombre de personnes.<\/p>\n<p>Je vous prie de prendre note que les con\u00adsul\u00adta\u00adtions qui n\u2019au\u00adraient pas \u00e9t\u00e9 annul\u00e9es ou d\u00e9pla\u00adc\u00e9es plus de 24 heures \u00e0 l\u2019a\u00advance seront factur\u00e9es.<\/p>\n<p>Mes pre\u00adsta\u00adtions sont rem\u00adbour\u00ads\u00e9es par les assu\u00adrances com\u00adpl\u00e9\u00admen\u00adtaires mais pas par l\u2019assurance de base. Le degr\u00e9 de rem\u00adbour\u00adse\u00adment varie en fon\u00adc\u00adtion des assu\u00adrances et des types de cou\u00adver\u00adture. Je vous con\u00adseille de vous rens\u00adeigner direc\u00adte\u00adment aupr\u00e8s de votre assu\u00adrance com\u00adpl\u00e9\u00admen\u00adtaire. L\u2019assurance acci\u00addent rem\u00adbourse un mon\u00adtant for\u00adfai\u00adtaire lorsque l\u2019accident est \u00e0 l\u2018origine de pro\u00adbl\u00e8mes psy\u00adchi\u00adques. Ceci vaut \u00e9ga\u00adle\u00adment pour l\u2019aide aux victimes.<\/p>\n<\/div><div class=\"fusion-text fusion-text-2\"><p>Con\u00adfi\u00adden\u00adtia\u00adlit\u00e9<\/p>\n<p>Les psy\u00adcho\u00adth\u00e9\u00adra\u00adpeutes sont soumis au secret pro\u00adfes\u00adsi\u00adonnel. Aucune infor\u00adma\u00adtion con\u00adcer\u00adnant la per\u00adsonne cli\u00adente ne peut \u00eatre com\u00admu\u00adni\u00adqu\u00e9e sans son accord.<\/p>\n<\/div><div class=\"fusion-clearfix\"><\/div><\/div><\/div><div class=\"fusion-layout-column fusion_builder_column fusion-builder-column-1 fusion_builder_column_1_5 1_5 fusion-one-fifth\" style=\"--awb-bg-size:cover;width:16.8%; margin-right: 4%;\"><div class=\"fusion-column-wrapper fusion-flex-column-wrapper-legacy\"><div class=\"fusion-sep-clear\"><\/div><div class=\"fusion-separator fusion-full-width-sep\" style=\"margin-left: auto;margin-right: auto;margin-top:50px;width:100%;\"><\/div><div class=\"fusion-sep-clear\"><\/div><div class=\"fusion-image-element in-legacy-container\" style=\"--awb-caption-title-font-family:var(--h2_typography-font-family);--awb-caption-title-font-weight:var(--h2_typography-font-weight);--awb-caption-title-font-style:var(--h2_typography-font-style);--awb-caption-title-size:var(--h2_typography-font-size);--awb-caption-title-transform:var(--h2_typography-text-transform);--awb-caption-title-line-height:var(--h2_typography-line-height);--awb-caption-title-letter-spacing:var(--h2_typography-letter-spacing);\"><span class=\" fusion-imageframe imageframe-none imageframe-1 hover-type-none\"><img decoding=\"async\" width=\"50\" height=\"43\" title=\"ornament_dolde\" src=\"https:\/\/www.ruth-wittig.ch\/wp-content\/uploads\/2016\/06\/ornament_dolde.png\" alt class=\"img-responsive wp-image-485\"><\/span><\/div><div class=\"fusion-clearfix\"><\/div><\/div><\/div><div class=\"fusion-layout-column fusion_builder_column fusion-builder-column-2 fusion_builder_column_1_1 1_1 fusion-one-full fusion-column-last fusion-column-no-min-height\" style=\"--awb-bg-size:cover;--awb-margin-bottom:0px;\"><div class=\"fusion-column-wrapper fusion-flex-column-wrapper-legacy\"><div class=\"fusion-sep-clear\"><\/div><div class=\"fusion-separator fusion-full-width-sep\" style=\"margin-left: auto;margin-right: auto;margin-top:100px;margin-bottom:100px;width:100%;\"><\/div><div class=\"fusion-sep-clear\"><\/div><div class=\"fusion-clearfix\"><\/div><\/div><\/div><\/div><\/div><div class=\"fusion-fullwidth fullwidth-box fusion-builder-row-2 hundred-percent-fullwidth non-hundred-percent-height-scrolling\" style=\"--awb-border-radius-top-left:0px;--awb-border-radius-top-right:0px;--awb-border-radius-bottom-right:0px;--awb-border-radius-bottom-left:0px;--awb-overflow:visible;--awb-flex-wrap:wrap;\"><div class=\"fusion-builder-row fusion-row\"><div class=\"fusion-layout-column fusion_builder_column fusion-builder-column-3 fusion_builder_column_1_1 1_1 fusion-one-full fusion-column-first fusion-column-last fusion-column-no-min-height\" style=\"--awb-bg-size:cover;--awb-margin-bottom:0px;\"><div class=\"fusion-column-wrapper fusion-flex-column-wrapper-legacy\"><div class=\"fusion-text fusion-text-3\"><p>&nbsp;<\/p>\n<\/div><div class=\"fusion-clearfix\"><\/div><\/div><\/div><\/div><\/div>\n","protected":false},"excerpt":{"rendered":"","protected":false},"author":1,"featured_media":0,"parent":0,"menu_order":0,"comment_status":"closed","ping_status":"closed","template":"","meta":{"wp_typography_post_enhancements_disabled":false,"footnotes":""},"class_list":["post-247","page","type-page","status-publish","hentry"],"yoast_head":"<!-- This site is optimized with the Yoast SEO plugin v27.4 - https:\/\/yoast.com\/product\/yoast-seo-wordpress\/ -->\n<title>Infos pratiques - Ruth Wittig<\/title>\n<meta name=\"robots\" content=\"index, follow, max-snippet:-1, max-image-preview:large, max-video-preview:-1\" \/>\n<link rel=\"canonical\" href=\"https:\/\/www.ruth-wittig.ch\/fr\/informations-pratiques\/\" \/>\n<meta property=\"og:locale\" content=\"fr_FR\" \/>\n<meta property=\"og:type\" content=\"article\" \/>\n<meta property=\"og:title\" content=\"Infos pratiques - Ruth Wittig\" \/>\n<meta property=\"og:url\" content=\"https:\/\/www.ruth-wittig.ch\/fr\/informations-pratiques\/\" \/>\n<meta property=\"og:site_name\" content=\"Ruth Wittig\" \/>\n<meta property=\"article:modified_time\" content=\"2025-02-12T13:06:11+00:00\" \/>\n<meta property=\"og:image\" content=\"https:\/\/www.ruth-wittig.ch\/wp-content\/uploads\/2016\/06\/ornament_dolde.png\" \/>\n\t<meta property=\"og:image:width\" content=\"50\" \/>\n\t<meta property=\"og:image:height\" content=\"43\" \/>\n\t<meta property=\"og:image:type\" content=\"image\/png\" \/>\n<meta name=\"twitter:card\" content=\"summary_large_image\" \/>\n<meta name=\"twitter:label1\" content=\"Dur\u00e9e de lecture estim\u00e9e\" \/>\n\t<meta name=\"twitter:data1\" content=\"3 minutes\" \/>\n<script type=\"application\/ld+json\" class=\"yoast-schema-graph\">{\"@context\":\"https:\\\/\\\/schema.org\",\"@graph\":[{\"@type\":\"WebPage\",\"@id\":\"https:\\\/\\\/www.ruth-wittig.ch\\\/fr\\\/informations-pratiques\\\/\",\"url\":\"https:\\\/\\\/www.ruth-wittig.ch\\\/fr\\\/informations-pratiques\\\/\",\"name\":\"Infos pratiques - Ruth Wittig\",\"isPartOf\":{\"@id\":\"https:\\\/\\\/www.ruth-wittig.ch\\\/#website\"},\"primaryImageOfPage\":{\"@id\":\"https:\\\/\\\/www.ruth-wittig.ch\\\/fr\\\/informations-pratiques\\\/#primaryimage\"},\"image\":{\"@id\":\"https:\\\/\\\/www.ruth-wittig.ch\\\/fr\\\/informations-pratiques\\\/#primaryimage\"},\"thumbnailUrl\":\"https:\\\/\\\/www.ruth-wittig.ch\\\/wp-content\\\/uploads\\\/2016\\\/06\\\/ornament_dolde.png\",\"datePublished\":\"2016-06-23T08:44:24+00:00\",\"dateModified\":\"2025-02-12T13:06:11+00:00\",\"breadcrumb\":{\"@id\":\"https:\\\/\\\/www.ruth-wittig.ch\\\/fr\\\/informations-pratiques\\\/#breadcrumb\"},\"inLanguage\":\"fr-FR\",\"potentialAction\":[{\"@type\":\"ReadAction\",\"target\":[\"https:\\\/\\\/www.ruth-wittig.ch\\\/fr\\\/informations-pratiques\\\/\"]}]},{\"@type\":\"ImageObject\",\"inLanguage\":\"fr-FR\",\"@id\":\"https:\\\/\\\/www.ruth-wittig.ch\\\/fr\\\/informations-pratiques\\\/#primaryimage\",\"url\":\"https:\\\/\\\/www.ruth-wittig.ch\\\/wp-content\\\/uploads\\\/2016\\\/06\\\/ornament_dolde.png\",\"contentUrl\":\"https:\\\/\\\/www.ruth-wittig.ch\\\/wp-content\\\/uploads\\\/2016\\\/06\\\/ornament_dolde.png\"},{\"@type\":\"BreadcrumbList\",\"@id\":\"https:\\\/\\\/www.ruth-wittig.ch\\\/fr\\\/informations-pratiques\\\/#breadcrumb\",\"itemListElement\":[{\"@type\":\"ListItem\",\"position\":1,\"name\":\"Startseite\",\"item\":\"https:\\\/\\\/www.ruth-wittig.ch\\\/fr\\\/\"},{\"@type\":\"ListItem\",\"position\":2,\"name\":\"Infos pratiques\"}]},{\"@type\":\"WebSite\",\"@id\":\"https:\\\/\\\/www.ruth-wittig.ch\\\/#website\",\"url\":\"https:\\\/\\\/www.ruth-wittig.ch\\\/\",\"name\":\"Ruth Wittig\",\"description\":\"Psychotherapeutische Praxis\",\"publisher\":{\"@id\":\"https:\\\/\\\/www.ruth-wittig.ch\\\/#\\\/schema\\\/person\\\/6c8d6dc901e054c46027b84243d429b6\"},\"potentialAction\":[{\"@type\":\"SearchAction\",\"target\":{\"@type\":\"EntryPoint\",\"urlTemplate\":\"https:\\\/\\\/www.ruth-wittig.ch\\\/?s={search_term_string}\"},\"query-input\":{\"@type\":\"PropertyValueSpecification\",\"valueRequired\":true,\"valueName\":\"search_term_string\"}}],\"inLanguage\":\"fr-FR\"},{\"@type\":[\"Person\",\"Organization\"],\"@id\":\"https:\\\/\\\/www.ruth-wittig.ch\\\/#\\\/schema\\\/person\\\/6c8d6dc901e054c46027b84243d429b6\",\"name\":\"Ruth Wittig\",\"image\":{\"@type\":\"ImageObject\",\"inLanguage\":\"fr-FR\",\"@id\":\"https:\\\/\\\/secure.gravatar.com\\\/avatar\\\/21ab4d8ed05ebce5ce90abe442f2fa7e?s=96&d=mm&r=g\",\"url\":\"https:\\\/\\\/secure.gravatar.com\\\/avatar\\\/21ab4d8ed05ebce5ce90abe442f2fa7e?s=96&d=mm&r=g\",\"contentUrl\":\"https:\\\/\\\/secure.gravatar.com\\\/avatar\\\/21ab4d8ed05ebce5ce90abe442f2fa7e?s=96&d=mm&r=g\",\"caption\":\"Ruth Wittig\"},\"logo\":{\"@id\":\"https:\\\/\\\/secure.gravatar.com\\\/avatar\\\/21ab4d8ed05ebce5ce90abe442f2fa7e?s=96&d=mm&r=g\"}}]}<\/script>\n<!-- \/ Yoast SEO plugin. -->","yoast_head_json":{"title":"Infos pratiques - Ruth Wittig","robots":{"index":"index","follow":"follow","max-snippet":"max-snippet:-1","max-image-preview":"max-image-preview:large","max-video-preview":"max-video-preview:-1"},"canonical":"https:\/\/www.ruth-wittig.ch\/fr\/informations-pratiques\/","og_locale":"fr_FR","og_type":"article","og_title":"Infos pratiques - Ruth Wittig","og_url":"https:\/\/www.ruth-wittig.ch\/fr\/informations-pratiques\/","og_site_name":"Ruth Wittig","article_modified_time":"2025-02-12T13:06:11+00:00","og_image":[{"width":50,"height":43,"url":"https:\/\/www.ruth-wittig.ch\/wp-content\/uploads\/2016\/06\/ornament_dolde.png","type":"image\/png"}],"twitter_card":"summary_large_image","twitter_misc":{"Dur\u00e9e de lecture estim\u00e9e":"3 minutes"},"schema":{"@context":"https:\/\/schema.org","@graph":[{"@type":"WebPage","@id":"https:\/\/www.ruth-wittig.ch\/fr\/informations-pratiques\/","url":"https:\/\/www.ruth-wittig.ch\/fr\/informations-pratiques\/","name":"Infos pratiques - Ruth Wittig","isPartOf":{"@id":"https:\/\/www.ruth-wittig.ch\/#website"},"primaryImageOfPage":{"@id":"https:\/\/www.ruth-wittig.ch\/fr\/informations-pratiques\/#primaryimage"},"image":{"@id":"https:\/\/www.ruth-wittig.ch\/fr\/informations-pratiques\/#primaryimage"},"thumbnailUrl":"https:\/\/www.ruth-wittig.ch\/wp-content\/uploads\/2016\/06\/ornament_dolde.png","datePublished":"2016-06-23T08:44:24+00:00","dateModified":"2025-02-12T13:06:11+00:00","breadcrumb":{"@id":"https:\/\/www.ruth-wittig.ch\/fr\/informations-pratiques\/#breadcrumb"},"inLanguage":"fr-FR","potentialAction":[{"@type":"ReadAction","target":["https:\/\/www.ruth-wittig.ch\/fr\/informations-pratiques\/"]}]},{"@type":"ImageObject","inLanguage":"fr-FR","@id":"https:\/\/www.ruth-wittig.ch\/fr\/informations-pratiques\/#primaryimage","url":"https:\/\/www.ruth-wittig.ch\/wp-content\/uploads\/2016\/06\/ornament_dolde.png","contentUrl":"https:\/\/www.ruth-wittig.ch\/wp-content\/uploads\/2016\/06\/ornament_dolde.png"},{"@type":"BreadcrumbList","@id":"https:\/\/www.ruth-wittig.ch\/fr\/informations-pratiques\/#breadcrumb","itemListElement":[{"@type":"ListItem","position":1,"name":"Startseite","item":"https:\/\/www.ruth-wittig.ch\/fr\/"},{"@type":"ListItem","position":2,"name":"Infos pratiques"}]},{"@type":"WebSite","@id":"https:\/\/www.ruth-wittig.ch\/#website","url":"https:\/\/www.ruth-wittig.ch\/","name":"Ruth Wittig","description":"Psychotherapeutische Praxis","publisher":{"@id":"https:\/\/www.ruth-wittig.ch\/#\/schema\/person\/6c8d6dc901e054c46027b84243d429b6"},"potentialAction":[{"@type":"SearchAction","target":{"@type":"EntryPoint","urlTemplate":"https:\/\/www.ruth-wittig.ch\/?s={search_term_string}"},"query-input":{"@type":"PropertyValueSpecification","valueRequired":true,"valueName":"search_term_string"}}],"inLanguage":"fr-FR"},{"@type":["Person","Organization"],"@id":"https:\/\/www.ruth-wittig.ch\/#\/schema\/person\/6c8d6dc901e054c46027b84243d429b6","name":"Ruth Wittig","image":{"@type":"ImageObject","inLanguage":"fr-FR","@id":"https:\/\/secure.gravatar.com\/avatar\/21ab4d8ed05ebce5ce90abe442f2fa7e?s=96&d=mm&r=g","url":"https:\/\/secure.gravatar.com\/avatar\/21ab4d8ed05ebce5ce90abe442f2fa7e?s=96&d=mm&r=g","contentUrl":"https:\/\/secure.gravatar.com\/avatar\/21ab4d8ed05ebce5ce90abe442f2fa7e?s=96&d=mm&r=g","caption":"Ruth Wittig"},"logo":{"@id":"https:\/\/secure.gravatar.com\/avatar\/21ab4d8ed05ebce5ce90abe442f2fa7e?s=96&d=mm&r=g"}}]}},"_links":{"self":[{"href":"https:\/\/www.ruth-wittig.ch\/fr\/wp-json\/wp\/v2\/pages\/247","targetHints":{"allow":["GET"]}}],"collection":[{"href":"https:\/\/www.ruth-wittig.ch\/fr\/wp-json\/wp\/v2\/pages"}],"about":[{"href":"https:\/\/www.ruth-wittig.ch\/fr\/wp-json\/wp\/v2\/types\/page"}],"author":[{"embeddable":true,"href":"https:\/\/www.ruth-wittig.ch\/fr\/wp-json\/wp\/v2\/users\/1"}],"replies":[{"embeddable":true,"href":"https:\/\/www.ruth-wittig.ch\/fr\/wp-json\/wp\/v2\/comments?post=247"}],"version-history":[{"count":0,"href":"https:\/\/www.ruth-wittig.ch\/fr\/wp-json\/wp\/v2\/pages\/247\/revisions"}],"wp:attachment":[{"href":"https:\/\/www.ruth-wittig.ch\/fr\/wp-json\/wp\/v2\/media?parent=247"}],"curies":[{"name":"wp","href":"https:\/\/api.w.org\/{rel}","templated":true}]}}