{"id":384,"date":"2016-07-09T19:31:10","date_gmt":"2016-07-09T19:31:10","guid":{"rendered":"https:\/\/www.ruth-wittig.ch\/fr\/?page_id=384"},"modified":"2020-06-10T15:19:23","modified_gmt":"2020-06-10T15:19:23","slug":"parcours-professionel","status":"publish","type":"page","link":"https:\/\/www.ruth-wittig.ch\/fr\/parcours-professionel\/","title":{"rendered":"Parcours professionel"},"content":{"rendered":"<p><\/p><div class=\"fusion-fullwidth fullwidth-box fusion-builder-row-1 nonhundred-percent-fullwidth non-hundred-percent-height-scrolling\" style=\"--awb-background-position:left top;--awb-border-radius-top-left:0px;--awb-border-radius-top-right:0px;--awb-border-radius-bottom-right:0px;--awb-border-radius-bottom-left:0px;--awb-padding-top:20px;--awb-padding-bottom:20px;--awb-border-sizes-top:0px;--awb-border-sizes-bottom:0px;--awb-flex-wrap:wrap;\"><div class=\"fusion-builder-row fusion-row\"><div class=\"fusion-layout-column fusion_builder_column fusion-builder-column-0 fusion_builder_column_3_5 3_5 fusion-three-fifth fusion-column-first\" style=\"--awb-padding-top:30px;--awb-padding-right:30px;--awb-padding-bottom:30px;--awb-padding-left:30px;--awb-bg-color:#ffffff;--awb-bg-color-hover:#ffffff;--awb-bg-size:cover;width:58.4%; margin-right: 4%;\"><div class=\"fusion-column-wrapper fusion-flex-column-wrapper-legacy\"><div class=\"fusion-text fusion-text-1\"><h1>Parcours professionel<\/h1>\n<p>Apr\u00e8s mes \u00e9tudes en psy\u00adcho\u00adlogie aux uni\u00adver\u00adsit\u00e9s de May\u00adence et Bonn, j\u2018ai d\u00e9but\u00e9 mon acti\u00advit\u00e9 pro\u00adfes\u00adsi\u00adon\u00adnelle au D\u00e9par\u00adte\u00adment de psy\u00adcho\u00adth\u00e9\u00adrapie et addic\u00adtion dans un h\u00f4pital psych\u00adia\u00adtrique en Alle\u00admagne. En Suisse, j\u2019ai \u00e9t\u00e9 engag\u00e9e comme assistante aupr\u00e8s de la chaire de psy\u00adcho\u00adlogie cli\u00adnique (de langue alle\u00admande) \u00e0 l\u2019Universit\u00e9 de Fri\u00adbourg. Dans ma th\u00e8se de doc\u00adtorat, j\u2019ai \u00e9tudi\u00e9 la ges\u00adtion du stress mental chez des femmes atteintes du cancer du sein. Par\u00adal\u00adl\u00e8\u00adle\u00adment \u00e0 la mise sur pied de mon cabinet priv\u00e9, j\u2019ai col\u00adla\u00adbor\u00e9 \u00e0 plu\u00ads\u00adieurs pro\u00adjets de recherche du fonds national, notam\u00adment dans le domaine de la dou\u00adleur chro\u00adnique, et tra\u00advaill\u00e9 comme psy\u00adcho\u00adth\u00e9\u00adra\u00adpeute dans diverses insti\u00adtu\u00adtions can\u00adto\u00adnales et priv\u00e9e. J\u2019ai \u00e9t\u00e9 engag\u00e9e pen\u00addant plus de vingt ans comme charg\u00e9e de cours au D\u00e9par\u00adte\u00adment de psy\u00adcho\u00adlogie \u00e0 Fri\u00adbourg (psy\u00adcho\u00adth\u00e9\u00adrapie cen\u00adtr\u00e9e sur la per\u00adsonne, ent\u00adre\u00adtien psy\u00adcho\u00adlo\u00adgique) ainsi qu\u2019\u00e0 la Haute \u00e9cole sp\u00e9\u00adcia\u00adlis\u00e9e du Nord-Ouest de la Suisse (con\u00adsul\u00adta\u00adtion psy\u00adcho\u00adso\u00adciale) et dans un pro\u00adgramme de for\u00adma\u00adtion con\u00adtinue \u00e0 Z\u00fcrich (coun\u00adseling).<\/p>\n<p>Apr\u00e8s avoir obtenu mon dipl\u00f4me uni\u00adver\u00adsi\u00adtaire, je me suis form\u00e9e en psy\u00adcho\u00adth\u00e9\u00adrapie cen\u00adtr\u00e9e sur la per\u00adsonne, en th\u00e9\u00adrapie de la Gestalt et en th\u00e9\u00adrapie cogni\u00adtive et com\u00adporte\u00admen\u00adtale. Le titre de \u00ab&nbsp;Psy\u00adcho\u00adlogue sp\u00e9\u00adcia\u00adliste en psy\u00adcho\u00adth\u00e9\u00adrapie <span class=\"caps\">FSP<\/span>&nbsp;\u00bb m\u2019a \u00e9t\u00e9 attribu\u00e9 en 1990. Je suis depuis lors r\u00e9gu\u00adli\u00e8\u00adre\u00adment des cours de per\u00adfec\u00adtion\u00adne\u00adment pro\u00adfes\u00adsi\u00adonnel, notam\u00adment sur le trai\u00adte\u00adment psy\u00adcho\u00adlo\u00adgique de la dou\u00adleur, la th\u00e9\u00adrapie des cou\u00adples, la th\u00e9\u00adrapie cen\u00adtr\u00e9e sur l\u2019\u00e9motion et la th\u00e9\u00adrapie des sch\u00e9mas. J\u2019ai con\u00adtinuel\u00adle\u00adment renou\u00advel\u00e9 mes con\u00adnais\u00adsances en th\u00e9\u00adrapie cogni\u00adtive et com\u00adporte\u00admen\u00adtale et par\u00adti\u00adcip\u00e9 aux cours sp\u00e9\u00adci\u00adfi\u00adques pour super\u00advi\u00adseurs et sp\u00e9\u00adcia\u00adlistes du d\u00e9ve\u00adlo\u00adp\u00adpe\u00adment personnel.<\/p>\n<p>Je suis depuis 1995 membre de la sec\u00adtion des for\u00adma\u00adteurs de la Soci\u00e9t\u00e9 suisse de th\u00e9\u00adrapie com\u00adporte\u00admen\u00adtale et cogni\u00adtive (<span class=\"caps\">SSTCC<\/span>). En tant que for\u00adma\u00adtrice, je suis accr\u00e9\u00addit\u00e9e chez plu\u00ads\u00adieurs four\u00adnis\u00adseurs de for\u00adma\u00adtions psy\u00adcho\u00adth\u00e9\u00adra\u00adpeu\u00adti\u00adques en Suisse romande et al\u00e9manique.<\/p>\n<\/div><div class=\"fusion-clearfix\"><\/div><\/div><\/div><div class=\"fusion-layout-column fusion_builder_column fusion-builder-column-1 fusion_builder_column_2_5 2_5 fusion-two-fifth fusion-column-last testi\" style=\"--awb-padding-top:30px;--awb-padding-right:30px;--awb-padding-bottom:30px;--awb-padding-left:30px;--awb-bg-color:#aec2c8;--awb-bg-color-hover:#aec2c8;--awb-bg-size:cover;width:37.6%;\" id=\"testi\"><div class=\"fusion-column-wrapper fusion-flex-column-wrapper-legacy\"><div class=\"fusion-text fusion-text-2\"><p style=\"margin-bottom: 8px;\"><em>Je suis tou\u00adjours repartie des super\u00advi\u00adsions avec des r\u00e9ponses ou avec une vision plus claire de la situation.<\/em><\/p>\n<p style=\"text-align: right; line-height: 1.3em;\"><em>- super\u00advi\u00adsion <span class=\"caps\">TCC<\/span> en individuel<\/em><\/p>\n<\/div><div class=\"fusion-sep-clear\"><\/div><div class=\"fusion-separator\" style=\"margin-left: auto;margin-right: auto;margin-top:6px;margin-bottom:26px;width:100%;max-width:50%;\"><div class=\"fusion-separator-border sep-single sep-solid\" style=\"--awb-height:20px;--awb-amount:20px;--awb-sep-color:#e2cf6f;border-color:#e2cf6f;border-top-width:1px;\"><\/div><\/div><div class=\"fusion-sep-clear\"><\/div><div class=\"fusion-text fusion-text-3\"><p style=\"text-align: left;\"><em>Ich sch\u00e4tze Ihre ruhige, aber sehr bestimmte und kom\u00adpe\u00adtente Art, auf unsere Anliegen ein\u00adzu\u00adgehen. Dabei scheuen Sie sich auch nicht, uns mal zur \u201eRaison\u201c zu bringen, wenn wir den anderen Teil\u00adneh\u00admenden drein\u00adreden. Sie sind neu\u00adtral, lenken uns unpar\u00adtei\u00adisch und bringen uns auch, wenn n\u00f6tig, auf den Boden der Rea\u00adlit\u00e4t zur\u00fcck. Dadurch k\u00f6nnen wir unsere Emo\u00adtionen erkennen und meist auch in den Griff bekommen. Sie lassen es auch nicht zu, dass wir uns im Kreis drehen, vor allem wenn wir am Jam\u00admern sind wegen irgend\u00adwel\u00adchen Unge\u00adrech\u00adtig\u00adkeiten in unserem Dienst.<\/em><\/p>\n<p style=\"text-align: right; line-height: 1.3em;\"><em>- Fall\u00adsu\u00adper\u00advi\u00adsion im&nbsp;Team<\/em><\/p>\n<\/div><div class=\"fusion-sep-clear\"><\/div><div class=\"fusion-separator\" style=\"margin-left: auto;margin-right: auto;margin-top:6px;margin-bottom:26px;width:100%;max-width:50%;\"><div class=\"fusion-separator-border sep-single sep-solid\" style=\"--awb-height:20px;--awb-amount:20px;--awb-sep-color:#e2cf6f;border-color:#e2cf6f;border-top-width:1px;\"><\/div><\/div><div class=\"fusion-sep-clear\"><\/div><div class=\"fusion-text fusion-text-4\"><p><em>Les s\u00e9ances sont cen\u00adtr\u00e9es sur la pro\u00adbl\u00e9\u00adma\u00adtique pr\u00e9\u00adsent\u00e9e et per\u00admet\u00adtent d\u2019o\u00adri\u00adenter, de donner des direc\u00adtions \u00e0 la suite du suivi th\u00e9rapeutique.<\/em><\/p>\n<p style=\"text-align: right; line-height: 1.3em;\"><em>- super\u00advi\u00adsion <span class=\"caps\">TCC<\/span> en individuel<\/em><\/p>\n<\/div><div class=\"fusion-sep-clear\"><\/div><div class=\"fusion-separator\" style=\"margin-left: auto;margin-right: auto;margin-top:6px;margin-bottom:26px;width:100%;max-width:50%;\"><div class=\"fusion-separator-border sep-single sep-solid\" style=\"--awb-height:20px;--awb-amount:20px;--awb-sep-color:#e2cf6f;border-color:#e2cf6f;border-top-width:1px;\"><\/div><\/div><div class=\"fusion-sep-clear\"><\/div><div class=\"fusion-text fusion-text-5\"><p><em>Ich hatte das Gl\u00fcck, Ruth Wittig als Dozentin f\u00fcr Gespr\u00e4chs\u00adpsy\u00adcho\u00adthe\u00adrapie an der Uni\u00adver\u00adsit\u00e4t Fri\u00adbourg erleben zu d\u00fcrfen. Es ist ihr gelungen, in mir ein Inter\u00adesse f\u00fcr die Psy\u00adcho\u00adlo\u00adgi\u00adsche Gespr\u00e4chs\u00adf\u00fch\u00adrung und Bera\u00adtung zu wecken, das bis heute anh\u00e4lt.<\/em><\/p>\n<p style=\"text-align: right; line-height: 1.3em;\"><em>- Fabian Gro\u00adli\u00admund, Autor von \u201cPsy\u00adcho\u00adlo\u00adgi\u00adsche Bera\u00adtung und Coaching\u201d<\/em><\/p>\n<\/div><div class=\"fusion-image-element in-legacy-container\" style=\"--awb-caption-title-font-family:var(--h2_typography-font-family);--awb-caption-title-font-weight:var(--h2_typography-font-weight);--awb-caption-title-font-style:var(--h2_typography-font-style);--awb-caption-title-size:var(--h2_typography-font-size);--awb-caption-title-transform:var(--h2_typography-text-transform);--awb-caption-title-line-height:var(--h2_typography-line-height);--awb-caption-title-letter-spacing:var(--h2_typography-letter-spacing);\"><span class=\" fusion-imageframe imageframe-none imageframe-1 hover-type-none\"><img decoding=\"async\" width=\"50\" height=\"43\" title=\"ornament_dolde\" src=\"https:\/\/www.ruth-wittig.ch\/wp-content\/uploads\/2016\/06\/ornament_dolde.png\" alt class=\"img-responsive wp-image-485\"><\/span><\/div><div class=\"fusion-clearfix\"><\/div><\/div><\/div><\/div><\/div><div class=\"fusion-fullwidth fullwidth-box fusion-builder-row-2 testi nonhundred-percent-fullwidth non-hundred-percent-height-scrolling\" style=\"--awb-background-position:left top;--awb-border-radius-top-left:0px;--awb-border-radius-top-right:0px;--awb-border-radius-bottom-right:0px;--awb-border-radius-bottom-left:0px;--awb-padding-top:20px;--awb-padding-bottom:20px;--awb-border-sizes-top:0px;--awb-border-sizes-bottom:0px;--awb-flex-wrap:wrap;\"><div class=\"fusion-builder-row fusion-row\"><div class=\"fusion-layout-column fusion_builder_column fusion-builder-column-2 fusion_builder_column_1_1 1_1 fusion-one-full fusion-column-first fusion-column-last\" style=\"--awb-bg-size:cover;\"><div class=\"fusion-column-wrapper fusion-flex-column-wrapper-legacy\"><div class=\"fusion-sep-clear\"><\/div><div class=\"fusion-separator\" style=\"margin-left: auto;margin-right: auto;margin-top:6px;margin-bottom:26px;width:100%;max-width:50%;\"><\/div><div class=\"fusion-sep-clear\"><\/div><div class=\"fusion-clearfix\"><\/div><\/div><\/div><\/div><\/div>\n","protected":false},"excerpt":{"rendered":"","protected":false},"author":1,"featured_media":0,"parent":0,"menu_order":0,"comment_status":"closed","ping_status":"closed","template":"","meta":{"wp_typography_post_enhancements_disabled":false,"footnotes":""},"class_list":["post-384","page","type-page","status-publish","hentry"],"yoast_head":"<!-- This site is optimized with the Yoast SEO plugin v27.4 - https:\/\/yoast.com\/product\/yoast-seo-wordpress\/ -->\n<title>Parcours professionel - Ruth Wittig<\/title>\n<meta name=\"robots\" content=\"index, follow, max-snippet:-1, max-image-preview:large, max-video-preview:-1\" \/>\n<link rel=\"canonical\" href=\"https:\/\/www.ruth-wittig.ch\/fr\/parcours-professionel\/\" \/>\n<meta property=\"og:locale\" content=\"fr_FR\" \/>\n<meta property=\"og:type\" content=\"article\" \/>\n<meta property=\"og:title\" content=\"Parcours professionel - Ruth Wittig\" \/>\n<meta property=\"og:url\" content=\"https:\/\/www.ruth-wittig.ch\/fr\/parcours-professionel\/\" \/>\n<meta property=\"og:site_name\" content=\"Ruth Wittig\" \/>\n<meta property=\"article:modified_time\" content=\"2020-06-10T15:19:23+00:00\" \/>\n<meta property=\"og:image\" content=\"https:\/\/www.ruth-wittig.ch\/wp-content\/uploads\/2016\/06\/ornament_dolde.png\" \/>\n\t<meta property=\"og:image:width\" content=\"50\" \/>\n\t<meta property=\"og:image:height\" content=\"43\" \/>\n\t<meta property=\"og:image:type\" content=\"image\/png\" \/>\n<meta name=\"twitter:card\" content=\"summary_large_image\" \/>\n<meta name=\"twitter:label1\" content=\"Dur\u00e9e de lecture estim\u00e9e\" \/>\n\t<meta name=\"twitter:data1\" content=\"6 minutes\" \/>\n<script type=\"application\/ld+json\" class=\"yoast-schema-graph\">{\"@context\":\"https:\\\/\\\/schema.org\",\"@graph\":[{\"@type\":\"WebPage\",\"@id\":\"https:\\\/\\\/www.ruth-wittig.ch\\\/fr\\\/parcours-professionel\\\/\",\"url\":\"https:\\\/\\\/www.ruth-wittig.ch\\\/fr\\\/parcours-professionel\\\/\",\"name\":\"Parcours professionel - Ruth Wittig\",\"isPartOf\":{\"@id\":\"https:\\\/\\\/www.ruth-wittig.ch\\\/#website\"},\"primaryImageOfPage\":{\"@id\":\"https:\\\/\\\/www.ruth-wittig.ch\\\/fr\\\/parcours-professionel\\\/#primaryimage\"},\"image\":{\"@id\":\"https:\\\/\\\/www.ruth-wittig.ch\\\/fr\\\/parcours-professionel\\\/#primaryimage\"},\"thumbnailUrl\":\"https:\\\/\\\/www.ruth-wittig.ch\\\/wp-content\\\/uploads\\\/2016\\\/06\\\/ornament_dolde.png\",\"datePublished\":\"2016-07-09T19:31:10+00:00\",\"dateModified\":\"2020-06-10T15:19:23+00:00\",\"breadcrumb\":{\"@id\":\"https:\\\/\\\/www.ruth-wittig.ch\\\/fr\\\/parcours-professionel\\\/#breadcrumb\"},\"inLanguage\":\"fr-FR\",\"potentialAction\":[{\"@type\":\"ReadAction\",\"target\":[\"https:\\\/\\\/www.ruth-wittig.ch\\\/fr\\\/parcours-professionel\\\/\"]}]},{\"@type\":\"ImageObject\",\"inLanguage\":\"fr-FR\",\"@id\":\"https:\\\/\\\/www.ruth-wittig.ch\\\/fr\\\/parcours-professionel\\\/#primaryimage\",\"url\":\"https:\\\/\\\/www.ruth-wittig.ch\\\/wp-content\\\/uploads\\\/2016\\\/06\\\/ornament_dolde.png\",\"contentUrl\":\"https:\\\/\\\/www.ruth-wittig.ch\\\/wp-content\\\/uploads\\\/2016\\\/06\\\/ornament_dolde.png\"},{\"@type\":\"BreadcrumbList\",\"@id\":\"https:\\\/\\\/www.ruth-wittig.ch\\\/fr\\\/parcours-professionel\\\/#breadcrumb\",\"itemListElement\":[{\"@type\":\"ListItem\",\"position\":1,\"name\":\"Startseite\",\"item\":\"https:\\\/\\\/www.ruth-wittig.ch\\\/fr\\\/\"},{\"@type\":\"ListItem\",\"position\":2,\"name\":\"Parcours professionel\"}]},{\"@type\":\"WebSite\",\"@id\":\"https:\\\/\\\/www.ruth-wittig.ch\\\/#website\",\"url\":\"https:\\\/\\\/www.ruth-wittig.ch\\\/\",\"name\":\"Ruth Wittig\",\"description\":\"Psychotherapeutische Praxis\",\"publisher\":{\"@id\":\"https:\\\/\\\/www.ruth-wittig.ch\\\/#\\\/schema\\\/person\\\/6c8d6dc901e054c46027b84243d429b6\"},\"potentialAction\":[{\"@type\":\"SearchAction\",\"target\":{\"@type\":\"EntryPoint\",\"urlTemplate\":\"https:\\\/\\\/www.ruth-wittig.ch\\\/?s={search_term_string}\"},\"query-input\":{\"@type\":\"PropertyValueSpecification\",\"valueRequired\":true,\"valueName\":\"search_term_string\"}}],\"inLanguage\":\"fr-FR\"},{\"@type\":[\"Person\",\"Organization\"],\"@id\":\"https:\\\/\\\/www.ruth-wittig.ch\\\/#\\\/schema\\\/person\\\/6c8d6dc901e054c46027b84243d429b6\",\"name\":\"Ruth Wittig\",\"image\":{\"@type\":\"ImageObject\",\"inLanguage\":\"fr-FR\",\"@id\":\"https:\\\/\\\/secure.gravatar.com\\\/avatar\\\/21ab4d8ed05ebce5ce90abe442f2fa7e?s=96&d=mm&r=g\",\"url\":\"https:\\\/\\\/secure.gravatar.com\\\/avatar\\\/21ab4d8ed05ebce5ce90abe442f2fa7e?s=96&d=mm&r=g\",\"contentUrl\":\"https:\\\/\\\/secure.gravatar.com\\\/avatar\\\/21ab4d8ed05ebce5ce90abe442f2fa7e?s=96&d=mm&r=g\",\"caption\":\"Ruth Wittig\"},\"logo\":{\"@id\":\"https:\\\/\\\/secure.gravatar.com\\\/avatar\\\/21ab4d8ed05ebce5ce90abe442f2fa7e?s=96&d=mm&r=g\"}}]}<\/script>\n<!-- \/ Yoast SEO plugin. -->","yoast_head_json":{"title":"Parcours professionel - Ruth Wittig","robots":{"index":"index","follow":"follow","max-snippet":"max-snippet:-1","max-image-preview":"max-image-preview:large","max-video-preview":"max-video-preview:-1"},"canonical":"https:\/\/www.ruth-wittig.ch\/fr\/parcours-professionel\/","og_locale":"fr_FR","og_type":"article","og_title":"Parcours professionel - Ruth Wittig","og_url":"https:\/\/www.ruth-wittig.ch\/fr\/parcours-professionel\/","og_site_name":"Ruth Wittig","article_modified_time":"2020-06-10T15:19:23+00:00","og_image":[{"width":50,"height":43,"url":"https:\/\/www.ruth-wittig.ch\/wp-content\/uploads\/2016\/06\/ornament_dolde.png","type":"image\/png"}],"twitter_card":"summary_large_image","twitter_misc":{"Dur\u00e9e de lecture estim\u00e9e":"6 minutes"},"schema":{"@context":"https:\/\/schema.org","@graph":[{"@type":"WebPage","@id":"https:\/\/www.ruth-wittig.ch\/fr\/parcours-professionel\/","url":"https:\/\/www.ruth-wittig.ch\/fr\/parcours-professionel\/","name":"Parcours professionel - Ruth Wittig","isPartOf":{"@id":"https:\/\/www.ruth-wittig.ch\/#website"},"primaryImageOfPage":{"@id":"https:\/\/www.ruth-wittig.ch\/fr\/parcours-professionel\/#primaryimage"},"image":{"@id":"https:\/\/www.ruth-wittig.ch\/fr\/parcours-professionel\/#primaryimage"},"thumbnailUrl":"https:\/\/www.ruth-wittig.ch\/wp-content\/uploads\/2016\/06\/ornament_dolde.png","datePublished":"2016-07-09T19:31:10+00:00","dateModified":"2020-06-10T15:19:23+00:00","breadcrumb":{"@id":"https:\/\/www.ruth-wittig.ch\/fr\/parcours-professionel\/#breadcrumb"},"inLanguage":"fr-FR","potentialAction":[{"@type":"ReadAction","target":["https:\/\/www.ruth-wittig.ch\/fr\/parcours-professionel\/"]}]},{"@type":"ImageObject","inLanguage":"fr-FR","@id":"https:\/\/www.ruth-wittig.ch\/fr\/parcours-professionel\/#primaryimage","url":"https:\/\/www.ruth-wittig.ch\/wp-content\/uploads\/2016\/06\/ornament_dolde.png","contentUrl":"https:\/\/www.ruth-wittig.ch\/wp-content\/uploads\/2016\/06\/ornament_dolde.png"},{"@type":"BreadcrumbList","@id":"https:\/\/www.ruth-wittig.ch\/fr\/parcours-professionel\/#breadcrumb","itemListElement":[{"@type":"ListItem","position":1,"name":"Startseite","item":"https:\/\/www.ruth-wittig.ch\/fr\/"},{"@type":"ListItem","position":2,"name":"Parcours professionel"}]},{"@type":"WebSite","@id":"https:\/\/www.ruth-wittig.ch\/#website","url":"https:\/\/www.ruth-wittig.ch\/","name":"Ruth Wittig","description":"Psychotherapeutische Praxis","publisher":{"@id":"https:\/\/www.ruth-wittig.ch\/#\/schema\/person\/6c8d6dc901e054c46027b84243d429b6"},"potentialAction":[{"@type":"SearchAction","target":{"@type":"EntryPoint","urlTemplate":"https:\/\/www.ruth-wittig.ch\/?s={search_term_string}"},"query-input":{"@type":"PropertyValueSpecification","valueRequired":true,"valueName":"search_term_string"}}],"inLanguage":"fr-FR"},{"@type":["Person","Organization"],"@id":"https:\/\/www.ruth-wittig.ch\/#\/schema\/person\/6c8d6dc901e054c46027b84243d429b6","name":"Ruth Wittig","image":{"@type":"ImageObject","inLanguage":"fr-FR","@id":"https:\/\/secure.gravatar.com\/avatar\/21ab4d8ed05ebce5ce90abe442f2fa7e?s=96&d=mm&r=g","url":"https:\/\/secure.gravatar.com\/avatar\/21ab4d8ed05ebce5ce90abe442f2fa7e?s=96&d=mm&r=g","contentUrl":"https:\/\/secure.gravatar.com\/avatar\/21ab4d8ed05ebce5ce90abe442f2fa7e?s=96&d=mm&r=g","caption":"Ruth Wittig"},"logo":{"@id":"https:\/\/secure.gravatar.com\/avatar\/21ab4d8ed05ebce5ce90abe442f2fa7e?s=96&d=mm&r=g"}}]}},"_links":{"self":[{"href":"https:\/\/www.ruth-wittig.ch\/fr\/wp-json\/wp\/v2\/pages\/384","targetHints":{"allow":["GET"]}}],"collection":[{"href":"https:\/\/www.ruth-wittig.ch\/fr\/wp-json\/wp\/v2\/pages"}],"about":[{"href":"https:\/\/www.ruth-wittig.ch\/fr\/wp-json\/wp\/v2\/types\/page"}],"author":[{"embeddable":true,"href":"https:\/\/www.ruth-wittig.ch\/fr\/wp-json\/wp\/v2\/users\/1"}],"replies":[{"embeddable":true,"href":"https:\/\/www.ruth-wittig.ch\/fr\/wp-json\/wp\/v2\/comments?post=384"}],"version-history":[{"count":0,"href":"https:\/\/www.ruth-wittig.ch\/fr\/wp-json\/wp\/v2\/pages\/384\/revisions"}],"wp:attachment":[{"href":"https:\/\/www.ruth-wittig.ch\/fr\/wp-json\/wp\/v2\/media?parent=384"}],"curies":[{"name":"wp","href":"https:\/\/api.w.org\/{rel}","templated":true}]}}