{"id":623,"date":"2016-06-23T13:43:46","date_gmt":"2016-06-23T13:43:46","guid":{"rendered":"https:\/\/www.ruth-wittig.ch\/fr\/sample-home\/"},"modified":"2025-02-14T11:34:13","modified_gmt":"2025-02-14T11:34:13","slug":"sample-home","status":"publish","type":"page","link":"https:\/\/www.ruth-wittig.ch\/fr\/","title":{"rendered":"Home"},"content":{"rendered":"<p><\/p><div class=\"fusion-fullwidth fullwidth-box fusion-builder-row-1 nonhundred-percent-fullwidth non-hundred-percent-height-scrolling fusion-equal-height-columns\" style=\"--awb-background-position:left top;--awb-border-sizes-top:0px;--awb-border-sizes-bottom:0px;--awb-border-sizes-left:0px;--awb-border-sizes-right:0px;--awb-border-radius-top-left:0px;--awb-border-radius-top-right:0px;--awb-border-radius-bottom-right:0px;--awb-border-radius-bottom-left:0px;--awb-padding-top:20px;--awb-padding-bottom:20px;--awb-flex-wrap:wrap;\"><div class=\"fusion-builder-row fusion-row\"><div class=\"fusion-layout-column fusion_builder_column fusion-builder-column-0 fusion_builder_column_2_5 2_5 fusion-two-fifth fusion-column-first\" style=\"--awb-padding-top:20px;--awb-padding-right:20px;--awb-padding-bottom:20px;--awb-padding-left:20px;--awb-bg-color:#89a3a9;--awb-bg-color-hover:#89a3a9;--awb-bg-size:cover;width:37.6%; margin-right: 4%;\"><div class=\"fusion-column-wrapper fusion-flex-column-wrapper-legacy\"><div class=\"fusion-text fusion-text-1\"><h2 style=\"color: #ffffff;\">Fachpsychologin f\u00fcr Psychotherapie <span class=\"caps\">FSP<\/span><\/h2>\n<\/div><div class=\"fusion-sep-clear\"><\/div><div class=\"fusion-separator fusion-full-width-sep\" style=\"margin-left: auto;margin-right: auto;margin-top:30px;margin-bottom:34px;width:100%;\"><\/div><div class=\"fusion-sep-clear\"><\/div><div class=\"fusion-text fusion-text-2\"><h2><a href=\"https:\/\/www.ruth-wittig.ch\/literarisches-schreiben\/\">Autorin<\/a><\/h2>\n<\/div><div class=\"fusion-sep-clear\"><\/div><div class=\"fusion-separator fusion-full-width-sep\" style=\"margin-left: auto;margin-right: auto;margin-top:20px;margin-bottom:20px;width:100%;\"><\/div><div class=\"fusion-sep-clear\"><\/div><div class=\"fusion-text fusion-text-3\"><h3><a href=\"https:\/\/www.ruth-wittig.ch\/angebot\/\">Psychotherapie<\/a><br>\n<a href=\"https:\/\/www.ruth-wittig.ch\/angebot\/\">Supervision<\/a><br>\n<a href=\"https:\/\/www.ruth-wittig.ch\/literarisches-schreiben\/\">Literarisches Schreiben<\/a><\/h3>\n<\/div><div class=\"fusion-clearfix\"><\/div><\/div><\/div><div class=\"fusion-layout-column fusion_builder_column fusion-builder-column-1 fusion_builder_column_2_5 2_5 fusion-two-fifth\" style=\"--awb-padding-top:20px;--awb-padding-right:20px;--awb-padding-bottom:20px;--awb-padding-left:20px;--awb-bg-color:#7e9da8;--awb-bg-color-hover:#7e9da8;--awb-bg-size:cover;width:37.6%; margin-right: 4%;\"><div class=\"fusion-column-wrapper fusion-flex-column-wrapper-legacy\"><div class=\"fusion-text fusion-text-4\"><h2 style=\"color: #ffffff;\">Psychoth\u00e9rapeute sp\u00e9cialiste en psychoth\u00e9rapie <span class=\"caps\">FSP<\/span><\/h2>\n<\/div><div class=\"fusion-sep-clear\"><\/div><div class=\"fusion-separator fusion-full-width-sep\" style=\"margin-left: auto;margin-right: auto;margin-top:10px;margin-bottom:14px;width:100%;\"><\/div><div class=\"fusion-sep-clear\"><\/div><div class=\"fusion-text fusion-text-5\"><h2><a href=\"https:\/\/www.ruth-wittig.ch\/fr\/creation-litteraire\/\">Autrice<\/a><\/h2>\n<\/div><div class=\"fusion-sep-clear\"><\/div><div class=\"fusion-separator fusion-full-width-sep\" style=\"margin-left: auto;margin-right: auto;margin-top:20px;margin-bottom:20px;width:100%;\"><\/div><div class=\"fusion-sep-clear\"><\/div><div class=\"fusion-text fusion-text-6\"><h3><a href=\"https:\/\/www.ruth-wittig.ch\/fr\/offre-therapeutique\/\">Psychoth\u00e9rapie<\/a><br>\n<a href=\"https:\/\/www.ruth-wittig.ch\/fr\/offre-therapeutique\/\">Supervision<\/a><br>\n<a href=\"https:\/\/www.ruth-wittig.ch\/fr\/creation-litteraire\/\">Cr\u00e9ation litt\u00e9raire<\/a><\/h3>\n<\/div><div class=\"fusion-clearfix\"><\/div><\/div><\/div><div class=\"fusion-layout-column fusion_builder_column fusion-builder-column-2 fusion_builder_column_1_1 1_1 fusion-one-full fusion-column-last fusion-column-no-min-height\" style=\"--awb-bg-size:cover;--awb-margin-bottom:0px;\"><div class=\"fusion-column-wrapper fusion-flex-column-wrapper-legacy\"><div class=\"fusion-sep-clear\"><\/div><div class=\"fusion-separator fusion-full-width-sep\" style=\"margin-left: auto;margin-right: auto;margin-top:40px;margin-bottom:40px;width:100%;\"><\/div><div class=\"fusion-sep-clear\"><\/div><div class=\"fusion-clearfix\"><\/div><\/div><\/div><\/div><\/div><div class=\"fusion-fullwidth fullwidth-box fusion-builder-row-2 hundred-percent-fullwidth non-hundred-percent-height-scrolling\" style=\"--awb-border-radius-top-left:0px;--awb-border-radius-top-right:0px;--awb-border-radius-bottom-right:0px;--awb-border-radius-bottom-left:0px;--awb-overflow:visible;--awb-padding-right:30px;--awb-padding-left:30px;--awb-flex-wrap:wrap;\"><div class=\"fusion-builder-row fusion-row\"><div class=\"fusion-layout-column fusion_builder_column fusion-builder-column-3 fusion_builder_column_1_1 1_1 fusion-one-full fusion-column-first fusion-column-last fusion-column-no-min-height\" style=\"--awb-bg-size:cover;--awb-margin-bottom:0px;\"><div class=\"fusion-column-wrapper fusion-flex-column-wrapper-legacy\"><div class=\"fusion-clearfix\"><\/div><\/div><\/div><\/div><\/div>\n","protected":false},"excerpt":{"rendered":"","protected":false},"author":1,"featured_media":0,"parent":0,"menu_order":0,"comment_status":"closed","ping_status":"closed","template":"100-width.php","meta":{"wp_typography_post_enhancements_disabled":false,"footnotes":""},"class_list":["post-623","page","type-page","status-publish","hentry"],"yoast_head":"<!-- This site is optimized with the Yoast SEO plugin v27.5 - https:\/\/yoast.com\/product\/yoast-seo-wordpress\/ -->\n<title>Home - Ruth Wittig<\/title>\n<meta name=\"robots\" content=\"index, follow, max-snippet:-1, max-image-preview:large, max-video-preview:-1\" \/>\n<link rel=\"canonical\" href=\"https:\/\/www.ruth-wittig.ch\/fr\/\" \/>\n<meta property=\"og:locale\" content=\"fr_FR\" \/>\n<meta property=\"og:type\" content=\"article\" \/>\n<meta property=\"og:title\" content=\"Home - Ruth Wittig\" \/>\n<meta property=\"og:url\" content=\"https:\/\/www.ruth-wittig.ch\/fr\/\" \/>\n<meta property=\"og:site_name\" content=\"Ruth Wittig\" \/>\n<meta property=\"article:modified_time\" content=\"2025-02-14T11:34:13+00:00\" \/>\n<meta name=\"twitter:card\" content=\"summary_large_image\" \/>\n<meta name=\"twitter:label1\" content=\"Dur\u00e9e de lecture estim\u00e9e\" \/>\n\t<meta name=\"twitter:data1\" content=\"3 minutes\" \/>\n<script type=\"application\/ld+json\" class=\"yoast-schema-graph\">{\"@context\":\"https:\\\/\\\/schema.org\",\"@graph\":[{\"@type\":\"WebPage\",\"@id\":\"https:\\\/\\\/www.ruth-wittig.ch\\\/fr\\\/\",\"url\":\"https:\\\/\\\/www.ruth-wittig.ch\\\/fr\\\/\",\"name\":\"Home - Ruth Wittig\",\"isPartOf\":{\"@id\":\"https:\\\/\\\/www.ruth-wittig.ch\\\/#website\"},\"datePublished\":\"2016-06-23T13:43:46+00:00\",\"dateModified\":\"2025-02-14T11:34:13+00:00\",\"breadcrumb\":{\"@id\":\"https:\\\/\\\/www.ruth-wittig.ch\\\/fr\\\/#breadcrumb\"},\"inLanguage\":\"fr-FR\",\"potentialAction\":[{\"@type\":\"ReadAction\",\"target\":[\"https:\\\/\\\/www.ruth-wittig.ch\\\/fr\\\/\"]}]},{\"@type\":\"BreadcrumbList\",\"@id\":\"https:\\\/\\\/www.ruth-wittig.ch\\\/fr\\\/#breadcrumb\",\"itemListElement\":[{\"@type\":\"ListItem\",\"position\":1,\"name\":\"Startseite\",\"item\":\"https:\\\/\\\/www.ruth-wittig.ch\\\/fr\\\/\"},{\"@type\":\"ListItem\",\"position\":2,\"name\":\"Home\"}]},{\"@type\":\"WebSite\",\"@id\":\"https:\\\/\\\/www.ruth-wittig.ch\\\/#website\",\"url\":\"https:\\\/\\\/www.ruth-wittig.ch\\\/\",\"name\":\"Ruth Wittig\",\"description\":\"Psychotherapeutische Praxis\",\"publisher\":{\"@id\":\"https:\\\/\\\/www.ruth-wittig.ch\\\/#\\\/schema\\\/person\\\/6c8d6dc901e054c46027b84243d429b6\"},\"potentialAction\":[{\"@type\":\"SearchAction\",\"target\":{\"@type\":\"EntryPoint\",\"urlTemplate\":\"https:\\\/\\\/www.ruth-wittig.ch\\\/?s={search_term_string}\"},\"query-input\":{\"@type\":\"PropertyValueSpecification\",\"valueRequired\":true,\"valueName\":\"search_term_string\"}}],\"inLanguage\":\"fr-FR\"},{\"@type\":[\"Person\",\"Organization\"],\"@id\":\"https:\\\/\\\/www.ruth-wittig.ch\\\/#\\\/schema\\\/person\\\/6c8d6dc901e054c46027b84243d429b6\",\"name\":\"Ruth Wittig\",\"image\":{\"@type\":\"ImageObject\",\"inLanguage\":\"fr-FR\",\"@id\":\"https:\\\/\\\/secure.gravatar.com\\\/avatar\\\/21ab4d8ed05ebce5ce90abe442f2fa7e?s=96&d=mm&r=g\",\"url\":\"https:\\\/\\\/secure.gravatar.com\\\/avatar\\\/21ab4d8ed05ebce5ce90abe442f2fa7e?s=96&d=mm&r=g\",\"contentUrl\":\"https:\\\/\\\/secure.gravatar.com\\\/avatar\\\/21ab4d8ed05ebce5ce90abe442f2fa7e?s=96&d=mm&r=g\",\"caption\":\"Ruth Wittig\"},\"logo\":{\"@id\":\"https:\\\/\\\/secure.gravatar.com\\\/avatar\\\/21ab4d8ed05ebce5ce90abe442f2fa7e?s=96&d=mm&r=g\"}}]}<\/script>\n<!-- \/ Yoast SEO plugin. -->","yoast_head_json":{"title":"Home - Ruth Wittig","robots":{"index":"index","follow":"follow","max-snippet":"max-snippet:-1","max-image-preview":"max-image-preview:large","max-video-preview":"max-video-preview:-1"},"canonical":"https:\/\/www.ruth-wittig.ch\/fr\/","og_locale":"fr_FR","og_type":"article","og_title":"Home - Ruth Wittig","og_url":"https:\/\/www.ruth-wittig.ch\/fr\/","og_site_name":"Ruth Wittig","article_modified_time":"2025-02-14T11:34:13+00:00","twitter_card":"summary_large_image","twitter_misc":{"Dur\u00e9e de lecture estim\u00e9e":"3 minutes"},"schema":{"@context":"https:\/\/schema.org","@graph":[{"@type":"WebPage","@id":"https:\/\/www.ruth-wittig.ch\/fr\/","url":"https:\/\/www.ruth-wittig.ch\/fr\/","name":"Home - Ruth Wittig","isPartOf":{"@id":"https:\/\/www.ruth-wittig.ch\/#website"},"datePublished":"2016-06-23T13:43:46+00:00","dateModified":"2025-02-14T11:34:13+00:00","breadcrumb":{"@id":"https:\/\/www.ruth-wittig.ch\/fr\/#breadcrumb"},"inLanguage":"fr-FR","potentialAction":[{"@type":"ReadAction","target":["https:\/\/www.ruth-wittig.ch\/fr\/"]}]},{"@type":"BreadcrumbList","@id":"https:\/\/www.ruth-wittig.ch\/fr\/#breadcrumb","itemListElement":[{"@type":"ListItem","position":1,"name":"Startseite","item":"https:\/\/www.ruth-wittig.ch\/fr\/"},{"@type":"ListItem","position":2,"name":"Home"}]},{"@type":"WebSite","@id":"https:\/\/www.ruth-wittig.ch\/#website","url":"https:\/\/www.ruth-wittig.ch\/","name":"Ruth Wittig","description":"Psychotherapeutische Praxis","publisher":{"@id":"https:\/\/www.ruth-wittig.ch\/#\/schema\/person\/6c8d6dc901e054c46027b84243d429b6"},"potentialAction":[{"@type":"SearchAction","target":{"@type":"EntryPoint","urlTemplate":"https:\/\/www.ruth-wittig.ch\/?s={search_term_string}"},"query-input":{"@type":"PropertyValueSpecification","valueRequired":true,"valueName":"search_term_string"}}],"inLanguage":"fr-FR"},{"@type":["Person","Organization"],"@id":"https:\/\/www.ruth-wittig.ch\/#\/schema\/person\/6c8d6dc901e054c46027b84243d429b6","name":"Ruth Wittig","image":{"@type":"ImageObject","inLanguage":"fr-FR","@id":"https:\/\/secure.gravatar.com\/avatar\/21ab4d8ed05ebce5ce90abe442f2fa7e?s=96&d=mm&r=g","url":"https:\/\/secure.gravatar.com\/avatar\/21ab4d8ed05ebce5ce90abe442f2fa7e?s=96&d=mm&r=g","contentUrl":"https:\/\/secure.gravatar.com\/avatar\/21ab4d8ed05ebce5ce90abe442f2fa7e?s=96&d=mm&r=g","caption":"Ruth Wittig"},"logo":{"@id":"https:\/\/secure.gravatar.com\/avatar\/21ab4d8ed05ebce5ce90abe442f2fa7e?s=96&d=mm&r=g"}}]}},"_links":{"self":[{"href":"https:\/\/www.ruth-wittig.ch\/fr\/wp-json\/wp\/v2\/pages\/623","targetHints":{"allow":["GET"]}}],"collection":[{"href":"https:\/\/www.ruth-wittig.ch\/fr\/wp-json\/wp\/v2\/pages"}],"about":[{"href":"https:\/\/www.ruth-wittig.ch\/fr\/wp-json\/wp\/v2\/types\/page"}],"author":[{"embeddable":true,"href":"https:\/\/www.ruth-wittig.ch\/fr\/wp-json\/wp\/v2\/users\/1"}],"replies":[{"embeddable":true,"href":"https:\/\/www.ruth-wittig.ch\/fr\/wp-json\/wp\/v2\/comments?post=623"}],"version-history":[{"count":0,"href":"https:\/\/www.ruth-wittig.ch\/fr\/wp-json\/wp\/v2\/pages\/623\/revisions"}],"wp:attachment":[{"href":"https:\/\/www.ruth-wittig.ch\/fr\/wp-json\/wp\/v2\/media?parent=623"}],"curies":[{"name":"wp","href":"https:\/\/api.w.org\/{rel}","templated":true}]}}